{"id":958,"date":"2022-11-19T18:53:24","date_gmt":"2022-11-19T17:53:24","guid":{"rendered":"https:\/\/www.geneacantal.fr\/?page_id=958"},"modified":"2023-03-27T17:17:28","modified_gmt":"2023-03-27T15:17:28","slug":"musique-peinture-artisanat-cantalou","status":"publish","type":"page","link":"https:\/\/www.geneacantal.fr\/index.php\/musique-peinture-artisanat-cantalou\/","title":{"rendered":"Musique, Peinture &#038; Artisanat Cantalou"},"content":{"rendered":"\n<p><em><a href=\"https:\/\/www.geneacantal.fr\/index.php\/patrimoine-cantalou\/\" data-type=\"page\" data-id=\"808\">Retour : Patrimoine Cantalou<\/a><\/em><\/p>\n\n\n\n<figure class=\"wp-block-pullquote alignwide has-text-align-center\"><blockquote><p>\u00ab\u00a0Tous les arts sont comme des miroirs o\u00f9 l&rsquo;homme conna\u00eet et reconna\u00eet quelque chose de lui-m\u00eame\u00a0\u00bb<\/p><cite>Alain (1868-1951)<\/cite><\/blockquote><\/figure>\n\n\n\n<div style=\"height:100px\" aria-hidden=\"true\" class=\"wp-block-spacer\"><\/div>\n\n\n\n<h2 class=\"has-text-align-center has-large-font-size wp-block-heading\"><strong>Sites Internet<\/strong><\/h2>\n\n\n\n<p class=\"has-text-align-center\"><a href=\"https:\/\/amta.fr\/\">Agence des Musiques des Territoires d&rsquo;Auvergne (AMTA)<\/a><\/p>\n\n\n\n<p class=\"has-text-align-center\"><a href=\"https:\/\/atlas.limsi.fr\/\">Atlas sonore des langues r\u00e9gionales de France<\/a><\/p>\n\n\n\n<div style=\"height:100px\" aria-hidden=\"true\" class=\"wp-block-spacer\"><\/div>\n\n\n\n<h2 class=\"has-text-align-center has-x-large-font-size wp-block-heading\"><strong>C\u00f4t\u00e9 Biblioth\u00e8que<\/strong><\/h2>\n\n\n\n<hr class=\"wp-block-separator has-alpha-channel-opacity\"\/>\n\n\n\n<div style=\"height:100px\" aria-hidden=\"true\" class=\"wp-block-spacer\"><\/div>\n\n\n\n<h2 class=\"has-text-align-center has-large-font-size wp-block-heading\"><strong>Musique<\/strong><\/h2>\n\n\n\n<div class=\"wp-block-columns alignwide is-layout-flex wp-container-5 wp-block-columns-is-layout-flex\">\n<div class=\"wp-block-column is-layout-flow wp-block-column-is-layout-flow\"><div class=\"wp-block-image\">\n<figure class=\"aligncenter size-large is-resized\"><img decoding=\"async\" loading=\"lazy\" src=\"http:\/\/www.genea92nord.fr\/images\/GENEACANTAL\/recueil-bourree.jpeg\" alt=\"\" width=\"269\" height=\"431\"\/><\/figure><\/div><\/div>\n\n\n\n<div class=\"wp-block-column is-layout-flow wp-block-column-is-layout-flow\"><div class=\"wp-block-image\">\n<figure class=\"aligncenter size-large is-resized\"><img decoding=\"async\" loading=\"lazy\" src=\"http:\/\/www.genea92nord.fr\/images\/GENEACANTAL\/bourree-programme-concerts.jpeg\" alt=\"\" width=\"297\" height=\"432\"\/><\/figure><\/div><\/div>\n\n\n\n<div class=\"wp-block-column is-layout-flow wp-block-column-is-layout-flow\"><div class=\"wp-block-image\">\n<figure class=\"aligncenter size-large is-resized\"><img decoding=\"async\" loading=\"lazy\" src=\"http:\/\/www.genea92nord.fr\/images\/GENEACANTAL\/liethoudt-bourree-auvergne.jpeg\" alt=\"\" width=\"316\" height=\"432\"\/><\/figure><\/div><\/div>\n\n\n\n<div class=\"wp-block-column is-layout-flow wp-block-column-is-layout-flow\"><div class=\"wp-block-image\">\n<figure class=\"aligncenter size-large is-resized\"><img decoding=\"async\" loading=\"lazy\" src=\"http:\/\/www.genea92nord.fr\/images\/GENEACANTAL\/musique-monts-auvergne.jpeg\" alt=\"\" width=\"309\" height=\"433\"\/><\/figure><\/div><\/div>\n<\/div>\n\n\n\n<div class=\"wp-block-columns alignwide is-layout-flex wp-container-7 wp-block-columns-is-layout-flex\">\n<div class=\"wp-block-column is-layout-flow wp-block-column-is-layout-flow\"><div class=\"wp-block-image\">\n<figure class=\"aligncenter size-large is-resized\"><img decoding=\"async\" loading=\"lazy\" src=\"http:\/\/www.genea92nord.fr\/images\/GENEACANTAL\/carnets-bal-populaire.jpeg\" alt=\"\" width=\"292\" height=\"431\"\/><\/figure><\/div><\/div>\n<\/div>\n\n\n\n<h2 class=\"has-text-align-center has-large-font-size wp-block-heading\"><strong>Artisanat<\/strong><\/h2>\n\n\n\n<div class=\"wp-block-columns alignwide is-layout-flex wp-container-10 wp-block-columns-is-layout-flex\">\n<div class=\"wp-block-column is-layout-flow wp-block-column-is-layout-flow\"><div class=\"wp-block-image\">\n<figure class=\"aligncenter size-large is-resized\"><img decoding=\"async\" loading=\"lazy\" src=\"http:\/\/www.genea92nord.fr\/images\/GENEACANTAL\/dejou-patrimoine-jouets.jpeg\" alt=\"\" width=\"325\" height=\"421\"\/><figcaption class=\"wp-element-caption\">Les jouets en bois DEJOU sont fabriqu\u00e9s entre 1937 et 1985 \u00e0 Arpajon sur C\u00e8re<\/figcaption><\/figure><\/div><\/div>\n\n\n\n<div class=\"wp-block-column is-layout-flow wp-block-column-is-layout-flow\"><div class=\"wp-block-image\">\n<figure class=\"aligncenter size-large is-resized\"><img decoding=\"async\" loading=\"lazy\" src=\"http:\/\/www.genea92nord.fr\/images\/GENEACANTAL\/aurillac-parapluie.jpg\" alt=\"\" width=\"468\" height=\"342\"\/><\/figure><\/div><\/div>\n<\/div>\n\n\n\n<h2 class=\"has-text-align-center has-large-font-size wp-block-heading\"><strong>Peinture<\/strong><\/h2>\n\n\n\n<div class=\"wp-block-columns alignwide is-layout-flex wp-container-12 wp-block-columns-is-layout-flex\">\n<div class=\"wp-block-column is-layout-flow wp-block-column-is-layout-flow\"><div class=\"wp-block-image\">\n<figure class=\"aligncenter size-large is-resized\"><img decoding=\"async\" loading=\"lazy\" src=\"http:\/\/www.genea92nord.fr\/images\/GENEACANTAL\/eloy-chapsal.jpeg\" alt=\"\" width=\"315\" height=\"433\"\/><\/figure><\/div><\/div>\n<\/div>\n\n\n\n<p class=\"has-text-align-right\"><a href=\"https:\/\/www.geneacantal.fr\/index.php\/musique-peinture-artisanat-cantalou\/\" data-type=\"page\" data-id=\"958\"><em>Haut de page<\/em><\/a><\/p>\n","protected":false},"excerpt":{"rendered":"<p>Retour : Patrimoine Cantalou \u00ab\u00a0Tous les arts sont comme des miroirs o\u00f9 l&rsquo;homme conna\u00eet et reconna\u00eet quelque chose de lui-m\u00eame\u00a0\u00bb Alain (1868-1951) Sites Internet Agence des Musiques des Territoires d&rsquo;Auvergne (AMTA) Atlas sonore des&#46;&#46;&#46;<\/p>\n","protected":false},"author":1,"featured_media":0,"parent":0,"menu_order":0,"comment_status":"closed","ping_status":"closed","template":"","meta":{"footnotes":""},"_links":{"self":[{"href":"https:\/\/www.geneacantal.fr\/index.php\/wp-json\/wp\/v2\/pages\/958"}],"collection":[{"href":"https:\/\/www.geneacantal.fr\/index.php\/wp-json\/wp\/v2\/pages"}],"about":[{"href":"https:\/\/www.geneacantal.fr\/index.php\/wp-json\/wp\/v2\/types\/page"}],"author":[{"embeddable":true,"href":"https:\/\/www.geneacantal.fr\/index.php\/wp-json\/wp\/v2\/users\/1"}],"replies":[{"embeddable":true,"href":"https:\/\/www.geneacantal.fr\/index.php\/wp-json\/wp\/v2\/comments?post=958"}],"version-history":[{"count":30,"href":"https:\/\/www.geneacantal.fr\/index.php\/wp-json\/wp\/v2\/pages\/958\/revisions"}],"predecessor-version":[{"id":1473,"href":"https:\/\/www.geneacantal.fr\/index.php\/wp-json\/wp\/v2\/pages\/958\/revisions\/1473"}],"wp:attachment":[{"href":"https:\/\/www.geneacantal.fr\/index.php\/wp-json\/wp\/v2\/media?parent=958"}],"curies":[{"name":"wp","href":"https:\/\/api.w.org\/{rel}","templated":true}]}}