{"id":756,"date":"2022-11-18T13:02:44","date_gmt":"2022-11-18T12:02:44","guid":{"rendered":"https:\/\/www.geneacantal.fr\/?page_id=756"},"modified":"2023-03-27T15:50:42","modified_gmt":"2023-03-27T13:50:42","slug":"cote-gourmet-terroir-culinaire","status":"publish","type":"page","link":"https:\/\/www.geneacantal.fr\/index.php\/cote-gourmet-terroir-culinaire\/","title":{"rendered":"C\u00f4t\u00e9 Gourmet : Terroir Culinaire"},"content":{"rendered":"\n<p><em><a href=\"https:\/\/www.geneacantal.fr\/index.php\/patrimoine-cantalou\/\" data-type=\"page\" data-id=\"808\">Retour : Patrimoine Cantalou<\/a><\/em><\/p>\n\n\n\n<figure class=\"wp-block-pullquote\"><blockquote><p>\u00ab\u00a0Un repas \u00e9quilibr\u00e9, du point de vue d&rsquo;un petit gar\u00e7on, c&rsquo;est une part de gateau dans chaque main.\u00a0\u00bb<\/p><cite>Henry de Montherlant (1895-1972)<\/cite><\/blockquote><\/figure>\n\n\n\n<div style=\"height:100px\" aria-hidden=\"true\" class=\"wp-block-spacer\"><\/div>\n\n\n\n<h2 class=\"has-text-align-center has-large-font-size wp-block-heading\"><strong>A d\u00e9guster virtuellement<\/strong><\/h2>\n\n\n\n<p class=\"has-text-align-center\"><a href=\"http:\/\/www.camembert-museum.com\/\">Camembert Museum<\/a><\/p>\n\n\n\n<div style=\"height:100px\" aria-hidden=\"true\" class=\"wp-block-spacer\"><\/div>\n\n\n\n<h2 class=\"has-text-align-center has-x-large-font-size wp-block-heading\"><strong>C\u00f4t\u00e9 Biblioth\u00e8que<\/strong><\/h2>\n\n\n\n<hr class=\"wp-block-separator aligncenter has-alpha-channel-opacity is-style-wide\"\/>\n\n\n\n<div class=\"wp-block-columns alignwide is-layout-flex wp-container-4 wp-block-columns-is-layout-flex\">\n<div class=\"wp-block-column is-layout-flow wp-block-column-is-layout-flow\"><div class=\"wp-block-image\">\n<figure class=\"aligncenter size-large is-resized\"><img decoding=\"async\" loading=\"lazy\" src=\"http:\/\/www.genea92nord.fr\/images\/GENEACANTAL\/saveurs-et-legendes-de-nos-terroirs.jpg\" alt=\"\" width=\"313\" height=\"415\"\/><\/figure><\/div><\/div>\n\n\n\n<div class=\"wp-block-column is-layout-flow wp-block-column-is-layout-flow\"><div class=\"wp-block-image\">\n<figure class=\"aligncenter size-large is-resized\"><img decoding=\"async\" loading=\"lazy\" src=\"http:\/\/www.genea92nord.fr\/images\/GENEACANTAL\/mathieu-guide-fabrication-cantal-bleu-auvergne.jpg\" alt=\"\" width=\"279\" height=\"417\"\/><\/figure><\/div><\/div>\n\n\n\n<div class=\"wp-block-column is-layout-flow wp-block-column-is-layout-flow\"><div class=\"wp-block-image\">\n<figure class=\"aligncenter size-large is-resized\"><img decoding=\"async\" loading=\"lazy\" src=\"http:\/\/www.genea92nord.fr\/images\/GENEACANTAL\/leclerc-panek-contes-recettes-auvergne-aveyron.jpg\" alt=\"\" width=\"234\" height=\"423\"\/><figcaption class=\"wp-element-caption\">Les contes sont \u00e9galement culinaires&nbsp;!<\/figcaption><\/figure><\/div><\/div>\n<\/div>\n\n\n\n<p class=\"has-text-align-right\"><a href=\"https:\/\/www.geneacantal.fr\/index.php\/cote-gourmet-terroir-culinaire\/\" data-type=\"page\" data-id=\"756\"><em>Haut de page<\/em><\/a><\/p>\n","protected":false},"excerpt":{"rendered":"<p>Retour : Patrimoine Cantalou \u00ab\u00a0Un repas \u00e9quilibr\u00e9, du point de vue d&rsquo;un petit gar\u00e7on, c&rsquo;est une part de gateau dans chaque main.\u00a0\u00bb Henry de Montherlant (1895-1972) A d\u00e9guster virtuellement Camembert Museum C\u00f4t\u00e9 Biblioth\u00e8que Haut&#46;&#46;&#46;<\/p>\n","protected":false},"author":1,"featured_media":0,"parent":0,"menu_order":0,"comment_status":"closed","ping_status":"closed","template":"","meta":{"footnotes":""},"_links":{"self":[{"href":"https:\/\/www.geneacantal.fr\/index.php\/wp-json\/wp\/v2\/pages\/756"}],"collection":[{"href":"https:\/\/www.geneacantal.fr\/index.php\/wp-json\/wp\/v2\/pages"}],"about":[{"href":"https:\/\/www.geneacantal.fr\/index.php\/wp-json\/wp\/v2\/types\/page"}],"author":[{"embeddable":true,"href":"https:\/\/www.geneacantal.fr\/index.php\/wp-json\/wp\/v2\/users\/1"}],"replies":[{"embeddable":true,"href":"https:\/\/www.geneacantal.fr\/index.php\/wp-json\/wp\/v2\/comments?post=756"}],"version-history":[{"count":22,"href":"https:\/\/www.geneacantal.fr\/index.php\/wp-json\/wp\/v2\/pages\/756\/revisions"}],"predecessor-version":[{"id":1444,"href":"https:\/\/www.geneacantal.fr\/index.php\/wp-json\/wp\/v2\/pages\/756\/revisions\/1444"}],"wp:attachment":[{"href":"https:\/\/www.geneacantal.fr\/index.php\/wp-json\/wp\/v2\/media?parent=756"}],"curies":[{"name":"wp","href":"https:\/\/api.w.org\/{rel}","templated":true}]}}