{"id":684,"date":"2022-11-08T15:54:50","date_gmt":"2022-11-08T14:54:50","guid":{"rendered":"https:\/\/www.geneacantal.fr\/?page_id=684"},"modified":"2022-11-08T17:13:47","modified_gmt":"2022-11-08T16:13:47","slug":"adhesion","status":"publish","type":"page","link":"https:\/\/www.geneacantal.fr\/index.php\/adhesion\/","title":{"rendered":"Adh\u00e9sion"},"content":{"rendered":"\n<p class=\"has-medium-font-size\">Pour adh\u00e9rer \u00e0 l&rsquo;association, t\u00e9l\u00e9chargez le <strong><a rel=\"noreferrer noopener\" href=\"http:\/\/www.geneacantal.fr\/wp-content\/uploads\/2022\/11\/Bulletin-dadhesion-AGAC15.pdf\" target=\"_blank\">Bulletin d&rsquo;adh\u00e9sion<\/a><\/strong><\/p>\n\n\n\n<p class=\"has-medium-font-size\">Donne droit \u00e0 des points pour consulter le site G\u00e9n\u00e9abank<\/p>\n","protected":false},"excerpt":{"rendered":"<p>Pour adh\u00e9rer \u00e0 l&rsquo;association, t\u00e9l\u00e9chargez le Bulletin d&rsquo;adh\u00e9sion Donne droit \u00e0 des points pour consulter le site G\u00e9n\u00e9abank<\/p>\n","protected":false},"author":1,"featured_media":0,"parent":0,"menu_order":0,"comment_status":"closed","ping_status":"closed","template":"","meta":{"footnotes":""},"_links":{"self":[{"href":"https:\/\/www.geneacantal.fr\/index.php\/wp-json\/wp\/v2\/pages\/684"}],"collection":[{"href":"https:\/\/www.geneacantal.fr\/index.php\/wp-json\/wp\/v2\/pages"}],"about":[{"href":"https:\/\/www.geneacantal.fr\/index.php\/wp-json\/wp\/v2\/types\/page"}],"author":[{"embeddable":true,"href":"https:\/\/www.geneacantal.fr\/index.php\/wp-json\/wp\/v2\/users\/1"}],"replies":[{"embeddable":true,"href":"https:\/\/www.geneacantal.fr\/index.php\/wp-json\/wp\/v2\/comments?post=684"}],"version-history":[{"count":4,"href":"https:\/\/www.geneacantal.fr\/index.php\/wp-json\/wp\/v2\/pages\/684\/revisions"}],"predecessor-version":[{"id":690,"href":"https:\/\/www.geneacantal.fr\/index.php\/wp-json\/wp\/v2\/pages\/684\/revisions\/690"}],"wp:attachment":[{"href":"https:\/\/www.geneacantal.fr\/index.php\/wp-json\/wp\/v2\/media?parent=684"}],"curies":[{"name":"wp","href":"https:\/\/api.w.org\/{rel}","templated":true}]}}