{"id":540,"date":"2022-11-03T11:50:33","date_gmt":"2022-11-03T10:50:33","guid":{"rendered":"https:\/\/www.geneacantal.fr\/?page_id=540"},"modified":"2023-03-27T15:55:26","modified_gmt":"2023-03-27T13:55:26","slug":"genealogie","status":"publish","type":"page","link":"https:\/\/www.geneacantal.fr\/index.php\/genealogie\/","title":{"rendered":"G\u00e9n\u00e9alogie"},"content":{"rendered":"\n<div class=\"wp-block-group is-vertical is-content-justification-center is-layout-flex wp-container-1 wp-block-group-is-layout-flex\">\n<figure class=\"wp-block-pullquote\"><blockquote><p>\u00ab&nbsp;Nous descendons tous d&rsquo;un roi et d&rsquo;un pendu.&nbsp;\u00bb<\/p><cite>Jean de la Bruy\u00e8re (1645-1696)<\/cite><\/blockquote><\/figure>\n\n\n<div class=\"wp-block-image\">\n<figure class=\"aligncenter size-large is-resized\"><img decoding=\"async\" loading=\"lazy\" src=\"http:\/\/www.genea92nord.fr\/images\/GENEACANTAL\/CP-larbre.jpg\" alt=\"\" width=\"601\" height=\"376\"\/><\/figure><\/div><\/div>\n\n\n\n<div style=\"height:86px\" aria-hidden=\"true\" class=\"wp-block-spacer\"><\/div>\n\n\n\n<h2 class=\"has-text-align-center has-large-font-size wp-block-heading\"><strong>Pour d\u00e9buter sa g\u00e9n\u00e9alogie<\/strong><\/h2>\n\n\n\n<p class=\"has-text-align-center\">Un petit guide pour tout savoir lorsqu&rsquo;on commence : <a href=\"https:\/\/www.geneacantal.fr\/index.php\/guide-pour-debuter-sa-genealogie\/\">c&rsquo;est par ici<\/a><\/p>\n\n\n\n<p class=\"has-text-align-center\"><a href=\"https:\/\/www.geneacantal.fr\/index.php\/infos-pratiques\/calendrier-republicain\/\">Calendrier r\u00e9publicain<\/a><\/p>\n\n\n\n<p class=\"has-text-align-center\"><a rel=\"noreferrer noopener\" href=\"https:\/\/www.cimetieres-de-france.fr\/\" target=\"_blank\">Cimeti\u00e8res de France<\/a> : pour rechercher et localiser un d\u00e9funt<\/p>\n\n\n\n<p class=\"has-text-align-center\"><a href=\"https:\/\/archive.org\/details\/tymologiedequa00ferr\/page\/n5\/mode\/2up?view=theater\" target=\"_blank\" rel=\"noreferrer noopener\">Etymologie de 400 pr\u00e9noms usit\u00e9s en France<\/a><\/p>\n\n\n\n<div style=\"height:100px\" aria-hidden=\"true\" class=\"wp-block-spacer\"><\/div>\n\n\n\n<h2 class=\"has-text-align-center has-x-large-font-size wp-block-heading\"><strong>C\u00f4t\u00e9 Biblioth\u00e8que<\/strong><\/h2>\n\n\n\n<hr class=\"wp-block-separator has-alpha-channel-opacity\"\/>\n\n\n<div class=\"wp-block-image\">\n<figure class=\"aligncenter size-large is-resized\"><img decoding=\"async\" loading=\"lazy\" src=\"http:\/\/www.genea92nord.fr\/images\/GENEACANTAL\/archives-cultures-noms-famille-cantal.jpg\" alt=\"\" width=\"307\" height=\"432\"\/><\/figure><\/div>\n\n\n<div style=\"height:100px\" aria-hidden=\"true\" class=\"wp-block-spacer\"><\/div>\n\n\n\n<h2 class=\"has-text-align-center has-large-font-size wp-block-heading\"><strong>Sites de G\u00e9n\u00e9alogie<\/strong><\/h2>\n\n\n\n<figure class=\"wp-block-table\"><table class=\"has-fixed-layout\"><tbody><tr><td class=\"has-text-align-center\" data-align=\"center\">Nom du Site<\/td><td class=\"has-text-align-center\" data-align=\"center\">Description<\/td><\/tr><tr><td class=\"has-text-align-center\" data-align=\"center\"><a rel=\"noreferrer noopener\" href=\"http:\/\/agi.chez.com\/intro.htm\" target=\"_blank\">Annuaire G\u00e9n\u00e9alogique<\/a><\/td><td class=\"has-text-align-center\" data-align=\"center\"><br>Site r\u00e9pertoriant des centaines de sites francophones et des petites annonces<br><\/td><\/tr><tr><td class=\"has-text-align-center\" data-align=\"center\"><a rel=\"noreferrer noopener\" href=\"https:\/\/www.archives-nationales.culture.gouv.fr\/\" target=\"_blank\">Archives Nationales<\/a><\/td><td class=\"has-text-align-center\" data-align=\"center\"><br>Le centre historique des Archives nationales<br><\/td><\/tr><tr><td class=\"has-text-align-center\" data-align=\"center\"><a rel=\"noreferrer noopener\" href=\"http:\/\/archives.aphp.fr\/\" target=\"_blank\">Archives de l&rsquo;AP-HP<\/a><\/td><td class=\"has-text-align-center\" data-align=\"center\"><br>Combien d&rsquo;individus sont pass\u00e9s par les h\u00f4pitaux de Paris depuis si longtemps ! Il ne vous reste plus qu&rsquo;\u00e0 aller fouiller dans cette \u00e9norme base de donn\u00e9es qui grossit \u00e9norm\u00e9ment d&rsquo;ann\u00e9e en ann\u00e9e<br>&nbsp;<\/td><\/tr><tr><td class=\"has-text-align-center\" data-align=\"center\"><a rel=\"noreferrer noopener\" href=\"https:\/\/www.cimetieres-de-france.fr\/\" target=\"_blank\">Cimeti\u00e8res de France<\/a><\/td><td class=\"has-text-align-center\" data-align=\"center\"><br>Plateforme gratuite pour retrouver un d\u00e9funt ou localiser une s\u00e9pulture et beaucoup d&rsquo;autres fonctionnalit\u00e9s<br><\/td><\/tr><tr><td class=\"has-text-align-center\" data-align=\"center\"><a rel=\"noreferrer noopener\" href=\"https:\/\/www.cybergenealogie.com\/cyber\/default.php\" target=\"_blank\">Cyberg\u00e9n\u00e9alogie<\/a><\/td><td class=\"has-text-align-center\" data-align=\"center\"><br>Bourse d&rsquo;\u00e9change de fichiers g\u00e9n\u00e9alogiques au format gedcom<br><\/td><\/tr><tr><td class=\"has-text-align-center\" data-align=\"center\"><a rel=\"noreferrer noopener\" href=\"http:\/\/www.francegenweb.org\/\" target=\"_blank\">FranceGenWeb<\/a><\/td><td class=\"has-text-align-center\" data-align=\"center\"><br>Service b\u00e9n\u00e9vole d&rsquo;assistance g\u00e9n\u00e9alogique. On y trouvera son bonheur avec des sites pour chaque r\u00e9gion. Il propose de tr\u00e8s nombreux services, c&rsquo;est un point d&rsquo;acc\u00e8s privil\u00e9gi\u00e9 \u00e0 de nombreuses bases de donn\u00e9es g\u00e9n\u00e9alogiques<br><\/td><\/tr><tr><td class=\"has-text-align-center\" data-align=\"center\"><a href=\"https:\/\/www.familysearch.org\/fr\/\">Family Search<\/a><\/td><td class=\"has-text-align-center\" data-align=\"center\"><br><\/td><\/tr><tr><td class=\"has-text-align-center\" data-align=\"center\"><a rel=\"noreferrer noopener\" href=\"http:\/\/www.geneanet.org\/\" target=\"_blank\">G\u00e9n\u00e9anet<\/a><\/td><td class=\"has-text-align-center\" data-align=\"center\"><br>Plateforme gratuite pour retrouver un d\u00e9funt ou localiser une s\u00e9pulture et beaucoup d&rsquo;autres fonctionnalit\u00e9s<br><\/td><\/tr><tr><td class=\"has-text-align-center\" data-align=\"center\"><a rel=\"noreferrer noopener\" href=\"http:\/\/www.geopatronyme.com\/\" target=\"_blank\">G\u00e9opatronyme<\/a>&nbsp;<\/td><td class=\"has-text-align-center\" data-align=\"center\"><br>R\u00e9partition g\u00e9ographique des patronymes en France de 1891 \u00e0 1990<br><\/td><\/tr><tr><td class=\"has-text-align-center\" data-align=\"center\"><a rel=\"noreferrer noopener\" href=\"http:\/\/classes.bnf.fr\/arbre\/pres\/index.htm\" target=\"_blank\">L&rsquo;arbre de consanguinit\u00e9<\/a><\/td><td class=\"has-text-align-center\" data-align=\"center\"><br>Superbe expos\u00e9 de la BnF<br><\/td><\/tr><tr><td class=\"has-text-align-center\" data-align=\"center\"><a rel=\"noreferrer noopener\" href=\"http:\/\/www.surnamenavigator.org\/\" target=\"_blank\">Surname Navigator<\/a><\/td><td class=\"has-text-align-center\" data-align=\"center\"><br>Surname Navigator France, Moteur de Recherche G\u00e9n\u00e9alogique. Il lance, \u00e0 partir d&rsquo;un patronyme sans pr\u00e9cision de lieu, 11 moteurs de recherche diff\u00e9rents dont GeneaNet, Family Search (Mormons), Google et les M\u00e9daill\u00e9s de Sainte-H\u00e9l\u00e8ne<br><\/td><\/tr><\/tbody><\/table><\/figure>\n\n\n<div class=\"wp-block-image\">\n<figure class=\"aligncenter size-large is-resized\"><img decoding=\"async\" loading=\"lazy\" src=\"http:\/\/www.genea92nord.fr\/images\/GENEACANTAL\/mariage-maurs-1920-1930.jpeg\" alt=\"\" width=\"658\" height=\"455\"\/><figcaption class=\"wp-element-caption\">Maurs- ann\u00e9es 1920-1930<\/figcaption><\/figure><\/div>\n\n\n<h2 class=\"has-text-align-center has-large-font-size wp-block-heading\"><strong>Logiciels de G\u00e9n\u00e9alogie<\/strong><\/h2>\n\n\n\n<figure class=\"wp-block-table\"><table class=\"has-fixed-layout\"><tbody><tr><td class=\"has-text-align-center\" data-align=\"center\">Nom du Logiciel<\/td><td class=\"has-text-align-center\" data-align=\"center\">Description<\/td><\/tr><tr><td class=\"has-text-align-center\" data-align=\"center\"><a rel=\"noreferrer noopener\" href=\"https:\/\/ahnenblatt.fr.softonic.com\/\" target=\"_blank\">Ahnenblatt<\/a><\/td><td class=\"has-text-align-center\" data-align=\"center\"><br>Logiciel gratuit en fran\u00e7ais<br><\/td><\/tr><tr><td class=\"has-text-align-center\" data-align=\"center\"><a rel=\"noreferrer noopener\" href=\"https:\/\/www.ancestris.org\/index_fr.html\" target=\"_blank\">Ancestris<\/a><\/td><td class=\"has-text-align-center\" data-align=\"center\">Logiciel gratuit<\/td><\/tr><tr><td class=\"has-text-align-center\" data-align=\"center\"><a rel=\"noreferrer noopener\" href=\"http:\/\/www.ancestrologie.org\/\" target=\"_blank\">Ancestrologie<\/a><\/td><td class=\"has-text-align-center\" data-align=\"center\"><\/td><\/tr><tr><td class=\"has-text-align-center\" data-align=\"center\"><a rel=\"noreferrer noopener\" href=\"http:\/\/www.mcs-gen.com\/\" target=\"_blank\">Elie<\/a><\/td><td class=\"has-text-align-center\" data-align=\"center\"><br>Logiciel gratuit en fran\u00e7ais<br><\/td><\/tr><tr><td class=\"has-text-align-center\" data-align=\"center\"><a rel=\"noreferrer noopener\" href=\"http:\/\/genj.sourceforge.net\/wiki\/fr\/introduction\" target=\"_blank\">G\u00e9n\u00e9alogyJ<\/a><\/td><td class=\"has-text-align-center\" data-align=\"center\"><\/td><\/tr><tr><td class=\"has-text-align-center\" data-align=\"center\"><a rel=\"noreferrer noopener\" href=\"https:\/\/www.geneatique.com\/\" target=\"_blank\">G\u00e9n\u00e9atique<\/a><\/td><td class=\"has-text-align-center\" data-align=\"center\"><\/td><\/tr><tr><td class=\"has-text-align-center\" data-align=\"center\"><a rel=\"noreferrer noopener\" href=\"https:\/\/genopro.com\/fr\/\" target=\"_blank\">G\u00e9nopro<\/a><\/td><td class=\"has-text-align-center\" data-align=\"center\">Logiciel payant<br>Version d&rsquo;essai gratuite 25 individus<br>Version illimit\u00e9e gratuite pendant 14 jours<\/td><\/tr><tr><td class=\"has-text-align-center\" data-align=\"center\"><a rel=\"noreferrer noopener\" href=\"https:\/\/gramps-project.org\/blog\/\" target=\"_blank\">Gramps<\/a><\/td><td class=\"has-text-align-center\" data-align=\"center\"><br>Logiciel tr\u00e8s facile pour les d\u00e9butants, t\u00e9l\u00e9chargeable gratuitement sauf qu&rsquo;il est en anglais.<br><\/td><\/tr><tr><td class=\"has-text-align-center\" data-align=\"center\"><a rel=\"noreferrer noopener\" href=\"https:\/\/www.heredis.com\/\" target=\"_blank\">H\u00e9r\u00e9dis<\/a><\/td><td class=\"has-text-align-center\" data-align=\"center\"><br>Principal logiciel payant de g\u00e9n\u00e9alogie familiale, bourr\u00e9 de fonctionnalit\u00e9s diverses. Il est r\u00e9alis\u00e9 dans le cadre d&rsquo;une soci\u00e9t\u00e9 coop\u00e9rative ouvri\u00e8re dont les membres sont \u00e0 l&rsquo;\u00e9coute permanente des besoins des g\u00e9n\u00e9alogistes amateurs.<br><\/td><\/tr><tr><td class=\"has-text-align-center\" data-align=\"center\"><a rel=\"noreferrer noopener\" href=\"https:\/\/webtrees.net\/\" target=\"_blank\">Webtrees<\/a><\/td><td class=\"has-text-align-center\" data-align=\"center\"><br>Logiciel multilingue parfait pour les informaticiens<br><\/td><\/tr><tr><td class=\"has-text-align-center\" data-align=\"center\"><a rel=\"noreferrer noopener\" href=\"https:\/\/www.wikitree.com\/\" target=\"_blank\">Wikitree<\/a><\/td><td class=\"has-text-align-center\" data-align=\"center\"><\/td><\/tr><\/tbody><\/table><\/figure>\n\n\n\n<p class=\"has-text-align-right\"><a href=\"https:\/\/www.geneacantal.fr\/index.php\/genealogie\/\" data-type=\"page\" data-id=\"540\"><em>Haut de page<\/em><\/a><\/p>\n","protected":false},"excerpt":{"rendered":"<p>\u00ab&nbsp;Nous descendons tous d&rsquo;un roi et d&rsquo;un pendu.&nbsp;\u00bb Jean de la Bruy\u00e8re (1645-1696) Pour d\u00e9buter sa g\u00e9n\u00e9alogie Un petit guide pour tout savoir lorsqu&rsquo;on commence : c&rsquo;est par ici Calendrier r\u00e9publicain Cimeti\u00e8res de France&#46;&#46;&#46;<\/p>\n","protected":false},"author":1,"featured_media":0,"parent":0,"menu_order":0,"comment_status":"closed","ping_status":"closed","template":"","meta":{"footnotes":""},"_links":{"self":[{"href":"https:\/\/www.geneacantal.fr\/index.php\/wp-json\/wp\/v2\/pages\/540"}],"collection":[{"href":"https:\/\/www.geneacantal.fr\/index.php\/wp-json\/wp\/v2\/pages"}],"about":[{"href":"https:\/\/www.geneacantal.fr\/index.php\/wp-json\/wp\/v2\/types\/page"}],"author":[{"embeddable":true,"href":"https:\/\/www.geneacantal.fr\/index.php\/wp-json\/wp\/v2\/users\/1"}],"replies":[{"embeddable":true,"href":"https:\/\/www.geneacantal.fr\/index.php\/wp-json\/wp\/v2\/comments?post=540"}],"version-history":[{"count":35,"href":"https:\/\/www.geneacantal.fr\/index.php\/wp-json\/wp\/v2\/pages\/540\/revisions"}],"predecessor-version":[{"id":1448,"href":"https:\/\/www.geneacantal.fr\/index.php\/wp-json\/wp\/v2\/pages\/540\/revisions\/1448"}],"wp:attachment":[{"href":"https:\/\/www.geneacantal.fr\/index.php\/wp-json\/wp\/v2\/media?parent=540"}],"curies":[{"name":"wp","href":"https:\/\/api.w.org\/{rel}","templated":true}]}}