{"id":538,"date":"2022-11-03T11:49:49","date_gmt":"2022-11-03T10:49:49","guid":{"rendered":"https:\/\/www.geneacantal.fr\/?page_id=538"},"modified":"2022-11-21T13:22:54","modified_gmt":"2022-11-21T12:22:54","slug":"cartophilie","status":"publish","type":"page","link":"https:\/\/www.geneacantal.fr\/index.php\/cartophilie\/","title":{"rendered":"Cartophilie"},"content":{"rendered":"\n<p><em><a href=\"https:\/\/www.geneacantal.fr\/index.php\/cartophilie-philatelie\/\" data-type=\"page\" data-id=\"266\">Retour : Cartophilie &amp; Philat\u00e9lie<\/a><\/em><\/p>\n\n\n\n<p>Une page pour mettre en commun les sites que nous utilisons et qui peuvent en int\u00e9resser d&rsquo;autres.<\/p>\n\n\n\n<p>Aussi n&rsquo;h\u00e9sitez pas \u00e0 nous faire part de vos trouvailles : agac15000@gmail.com<\/p>\n\n\n\n<div style=\"height:100px\" aria-hidden=\"true\" class=\"wp-block-spacer\"><\/div>\n\n\n\n<h2 class=\"has-text-align-center has-large-font-size wp-block-heading\"><strong>Sites de cartes postales anciennes<\/strong><\/h2>\n\n\n\n<p class=\"has-text-align-center\"><a href=\"https:\/\/www.accrophil.fr\/\">Accrophil<\/a><\/p>\n\n\n\n<p class=\"has-text-align-center\"><a href=\"https:\/\/www.akpool.fr\/\">Akpool<\/a><\/p>\n\n\n\n<p class=\"has-text-align-center\"><a href=\"https:\/\/www.abebooks.fr\/\">Abebooks<\/a><\/p>\n\n\n\n<p class=\"has-text-align-center\"><a href=\"https:\/\/www.bartko-reher-cpa.fr\/ak\/\">Bartko-Reher<\/a><\/p>\n\n\n\n<p class=\"has-text-align-center\"><a href=\"https:\/\/www.cparama.com\/\">CPArama<\/a><\/p>\n\n\n\n<p class=\"has-text-align-center\"><a href=\"https:\/\/www.delcampe.net\/fr\/collections\/\">Delcampe<\/a><\/p>\n\n\n\n<p class=\"has-text-align-center\"><a href=\"https:\/\/www.ebay.fr\/\">Ebay<\/a><\/p>\n\n\n\n<p class=\"has-text-align-center\"><a href=\"https:\/\/expocartes.monrezo.be\/index_ec.htm\">Expocartes<\/a><\/p>\n\n\n\n<p class=\"has-text-align-center\"><a href=\"https:\/\/www.hoogeduinpostcards.com\/webshop\/welkom\/\">Hoogeduin<\/a><\/p>\n\n\n\n<p class=\"has-text-align-center\"><a href=\"https:\/\/fr.shopping.rakuten.com\/?t=10607700&amp;ptnrid=hL6ObH.7r3M-zKeReyBtiC4BKFZDHBFfcw&amp;test=884899003cca1cffde67f6aae363b19d&amp;ranMID=38495&amp;ranEAID=hL6ObH*7r3M&amp;ranSiteID=hL6ObH.7r3M-zKeReyBtiC4BKFZDHBFfcw&amp;987671=t\">Rakuten<\/a><\/p>\n\n\n\n<p class=\"has-text-align-right\"><a href=\"https:\/\/www.geneacantal.fr\/index.php\/cartophilie\/\" data-type=\"page\" data-id=\"538\"><em>Haut de page<\/em><\/a><\/p>\n","protected":false},"excerpt":{"rendered":"<p>Retour : Cartophilie &amp; Philat\u00e9lie Une page pour mettre en commun les sites que nous utilisons et qui peuvent en int\u00e9resser d&rsquo;autres. Aussi n&rsquo;h\u00e9sitez pas \u00e0 nous faire part de vos trouvailles : agac15000@gmail.com&#46;&#46;&#46;<\/p>\n","protected":false},"author":1,"featured_media":0,"parent":0,"menu_order":0,"comment_status":"closed","ping_status":"closed","template":"","meta":{"footnotes":""},"_links":{"self":[{"href":"https:\/\/www.geneacantal.fr\/index.php\/wp-json\/wp\/v2\/pages\/538"}],"collection":[{"href":"https:\/\/www.geneacantal.fr\/index.php\/wp-json\/wp\/v2\/pages"}],"about":[{"href":"https:\/\/www.geneacantal.fr\/index.php\/wp-json\/wp\/v2\/types\/page"}],"author":[{"embeddable":true,"href":"https:\/\/www.geneacantal.fr\/index.php\/wp-json\/wp\/v2\/users\/1"}],"replies":[{"embeddable":true,"href":"https:\/\/www.geneacantal.fr\/index.php\/wp-json\/wp\/v2\/comments?post=538"}],"version-history":[{"count":10,"href":"https:\/\/www.geneacantal.fr\/index.php\/wp-json\/wp\/v2\/pages\/538\/revisions"}],"predecessor-version":[{"id":1311,"href":"https:\/\/www.geneacantal.fr\/index.php\/wp-json\/wp\/v2\/pages\/538\/revisions\/1311"}],"wp:attachment":[{"href":"https:\/\/www.geneacantal.fr\/index.php\/wp-json\/wp\/v2\/media?parent=538"}],"curies":[{"name":"wp","href":"https:\/\/api.w.org\/{rel}","templated":true}]}}