{"id":34,"date":"2022-11-01T13:44:15","date_gmt":"2022-11-01T12:44:15","guid":{"rendered":"https:\/\/www.geneacantal.fr\/?page_id=34"},"modified":"2023-10-25T11:23:49","modified_gmt":"2023-10-25T09:23:49","slug":"https-www-geneacantal-fr","status":"publish","type":"page","link":"https:\/\/www.geneacantal.fr\/","title":{"rendered":"Accueil"},"content":{"rendered":"\n<h1 class=\"wp-block-heading has-text-align-center\"><strong>Le Cantal<\/strong><\/h1>\n\n\n\n<div class=\"wp-block-group alignwide is-layout-constrained wp-block-group-is-layout-constrained\"><div class=\"wp-block-group__inner-container\">\n<div class=\"wp-block-columns alignwide are-vertically-aligned-center is-style-default is-layout-flex wp-container-4 wp-block-columns-is-layout-flex\">\n<div class=\"wp-block-column is-layout-flow wp-block-column-is-layout-flow\" style=\"flex-basis:48%\">\n<div style=\"height:25px\" aria-hidden=\"true\" class=\"wp-block-spacer\"><\/div>\n\n\n<div class=\"wp-block-image\">\n<figure class=\"aligncenter size-large is-resized\"><img decoding=\"async\" src=\"http:\/\/www.genea92nord.fr\/images\/GENEACANTAL\/carte-cantal.jpg\" alt=\"\" style=\"width:541px;height:369px\"\/><\/figure><\/div><\/div>\n\n\n\n<div class=\"wp-block-column is-layout-flow wp-block-column-is-layout-flow\" style=\"flex-basis:52%\">\n<div class=\"wp-block-group is-vertical is-layout-flex wp-container-2 wp-block-group-is-layout-flex\">\n<p style=\"font-size:15px\">Cette vieille terre montagneuse issue des volcans a donn\u00e9 des femmes et des hommes souvent partis pour toujours dans des contr\u00e9es plus ou moins lointaines.<\/p>\n\n\n\n<p style=\"font-size:15px\">On les retrouve \u00e0 Paris, en passant par la Bourgogne, en Bretagne, dans la r\u00e9gion bordelaise, dans le Lyonnais mais aussi en Espagne et aux Pays-Bas&#8230;<\/p>\n\n\n\n<p style=\"font-size:15px\">Il y a \u00e9galement ceux qui sont rest\u00e9s au pays mais en plus ceux venus d\u2019ailleurs, des d\u00e9partements voisins, et aujourd\u2019hui de plus loin, que cela soit des terres de France et m\u00eame d\u2019Europe.<\/p>\n\n\n\n<p style=\"font-size:15px\">Tout cela fait des m\u00e9langes humains qui entra\u00eene progressivement la r\u00e9alisation d\u2019arbres g\u00e9n\u00e9alogiques d\u2019ici et d\u2019ailleurs.<\/p>\n\n\n\n<p style=\"font-size:15px\">Ce site est l\u00e0 pour vous aider dans la recherche de vos anc\u00eatres cantalous, de vos lointains cousins. Il est l\u00e0 pour vous faire conna\u00eetre d\u2019autres sites de pr\u00e9f\u00e9rence gratuits qui vous permettront de d\u00e9couvrir votre famille et de replacer celle-ci dans la petite et la grande histoire.<\/p>\n<\/div>\n<\/div>\n<\/div>\n<\/div><\/div>\n\n\n\n<div style=\"height:98px\" aria-hidden=\"true\" class=\"wp-block-spacer\"><\/div>\n\n\n\n<div class=\"wp-block-columns alignwide are-vertically-aligned-center is-style-twentytwentyone-columns-overlap is-layout-flex wp-container-8 wp-block-columns-is-layout-flex\">\n<div class=\"wp-block-column is-vertically-aligned-center is-layout-flow wp-block-column-is-layout-flow\"><div class=\"wp-block-image is-style-twentytwentyone-border\">\n<figure class=\"aligncenter size-large\"><a href=\"https:\/\/www.geneacantal.fr\/index.php\/agac-15\/\"><img decoding=\"async\" src=\"http:\/\/www.genea92nord.fr\/images\/GENEACANTAL\/CPlioran.jpg\" alt=\"\"\/><\/a><\/figure><\/div>\n\n\n<h2 class=\"wp-block-heading has-text-align-center has-large-font-size\"><strong>L&rsquo;association<\/strong> <strong>AGAC 15<\/strong><\/h2>\n\n\n\n<div style=\"height:105px\" aria-hidden=\"true\" class=\"wp-block-spacer\"><\/div>\n\n\n<div class=\"wp-block-image is-style-twentytwentyone-border\">\n<figure class=\"aligncenter size-large\"><a href=\"https:\/\/www.geneacantal.fr\/index.php\/releves-du-cantal\/\"><img decoding=\"async\" src=\"http:\/\/www.genea92nord.fr\/images\/GENEACANTAL\/CPoies.jpg\" alt=\"\"\/><\/a><\/figure><\/div>\n\n\n<h2 class=\"wp-block-heading has-text-align-center has-large-font-size\"><strong>Relev\u00e9s du Cantal &amp; ses Voisins<\/strong><\/h2>\n\n\n\n<div style=\"height:100px\" aria-hidden=\"true\" class=\"wp-block-spacer\"><\/div>\n\n\n<div class=\"wp-block-image is-style-twentytwentyone-border\">\n<figure class=\"aligncenter size-large\"><a href=\"https:\/\/www.geneacantal.fr\/index.php\/histoires\/\"><img decoding=\"async\" src=\"http:\/\/www.genea92nord.fr\/images\/GENEACANTAL\/CPgarabit.jpg\" alt=\"\"\/><\/a><\/figure><\/div>\n\n\n<h2 class=\"wp-block-heading has-text-align-center has-large-font-size\"><strong>Histoire(s) du Cantal<\/strong><\/h2>\n\n\n\n<p><\/p>\n\n\n\n<p><\/p>\n<\/div>\n\n\n\n<div class=\"wp-block-column is-vertically-aligned-center is-layout-flow wp-block-column-is-layout-flow\">\n<div style=\"height:250px\" aria-hidden=\"true\" class=\"wp-block-spacer\"><\/div>\n\n\n<div class=\"wp-block-image is-style-twentytwentyone-border\">\n<figure class=\"aligncenter size-large\"><a href=\"https:\/\/www.geneacantal.fr\/index.php\/genealogie\/\"><img decoding=\"async\" src=\"http:\/\/www.genea92nord.fr\/images\/GENEACANTAL\/CPnoces.jpg\" alt=\"\"\/><\/a><\/figure><\/div>\n\n\n<h2 class=\"wp-block-heading has-text-align-center has-large-font-size\"><strong>G\u00e9n\u00e9alogie<\/strong><\/h2>\n\n\n\n<div style=\"height:105px\" aria-hidden=\"true\" class=\"wp-block-spacer\"><\/div>\n\n\n<div class=\"wp-block-image is-style-twentytwentyone-border\">\n<figure class=\"aligncenter size-large\"><a href=\"https:\/\/www.geneacantal.fr\/index.php\/cartophilie-philatelie\/\"><img decoding=\"async\" src=\"http:\/\/www.genea92nord.fr\/images\/GENEACANTAL\/CPbouree.jpg\" alt=\"\"\/><\/a><\/figure><\/div>\n\n\n<h2 class=\"wp-block-heading has-text-align-center has-large-font-size\"><strong>Cartophilie &amp; Philat\u00e9lie<\/strong><\/h2>\n\n\n\n<div style=\"height:100px\" aria-hidden=\"true\" class=\"wp-block-spacer\"><\/div>\n\n\n<div class=\"wp-block-image\">\n<figure class=\"aligncenter size-large\"><a href=\"https:\/\/www.geneacantal.fr\/index.php\/patrimoine-cantalou\/\"><img decoding=\"async\" src=\"http:\/\/www.genea92nord.fr\/images\/GENEACANTAL\/CPvaches.jpg\" alt=\"\"\/><\/a><\/figure><\/div>\n\n\n<h2 class=\"wp-block-heading has-text-align-center has-large-font-size\"><strong>Patrimoine Cantalou<\/strong><\/h2>\n<\/div>\n<\/div>\n\n\n\n<div style=\"height:93px\" aria-hidden=\"true\" class=\"wp-block-spacer\"><\/div>\n\n\n\n<div class=\"wp-block-columns alignwide is-layout-flex wp-container-12 wp-block-columns-is-layout-flex\">\n<div class=\"wp-block-column is-layout-flow wp-block-column-is-layout-flow\">\n<h3 class=\"wp-block-heading has-text-align-center\"><strong>L&rsquo;Ev\u00e8nement du Moment<\/strong><\/h3>\n\n\n\n<hr class=\"wp-block-separator aligncenter has-alpha-channel-opacity is-style-wide\"\/>\n\n\n<div class=\"wp-block-image\">\n<figure class=\"aligncenter size-large is-resized\"><img decoding=\"async\" src=\"http:\/\/www.genea92nord.fr\/images\/GENEACANTAL\/Expo-Genealogie-les%20Matelles.png\" alt=\"\" style=\"width:295px;height:417px\"\/><\/figure><\/div>\n\n\n<p class=\"has-text-align-center has-extra-small-font-size\">Pour plus d&rsquo;infos : <a href=\"https:\/\/www.mediatheque-lesmatelles.fr\/events\/exposition-genealogie\/\" target=\"_blank\" rel=\"noreferrer noopener\">c&rsquo;est par ici<\/a><\/p>\n<\/div>\n\n\n\n<div class=\"wp-block-column is-layout-flow wp-block-column-is-layout-flow\">\n<h3 class=\"wp-block-heading has-text-align-center\"><strong>L&rsquo;Auvergnat(e) C\u00e9l\u00e8bre <\/strong><\/h3>\n\n\n\n<h3 class=\"wp-block-heading has-text-align-center\"><strong>(de c\u0153ur ou de racine)<\/strong><\/h3>\n\n\n\n<hr class=\"wp-block-separator has-alpha-channel-opacity is-style-wide\"\/>\n\n\n\n<p class=\"has-text-align-center\"><strong>Elise Rieuf 1897-1990<\/strong><\/p>\n\n\n\n<p class=\"has-text-align-center has-extra-small-font-size\"><a href=\"https:\/\/www.geneacantal.fr\/index.php\/2022\/11\/02\/elise-rieuf-1897-1990\/\">Lire l&rsquo;article<\/a><\/p>\n\n\n<div class=\"wp-block-image is-style-default\">\n<figure class=\"aligncenter size-large is-resized\"><img decoding=\"async\" src=\"http:\/\/www.genea92nord.fr\/images\/GENEACANTAL\/Elise-Rieuf.jpg\" alt=\"\" style=\"width:247px;height:329px\"\/><figcaption class=\"wp-element-caption\">Autoportrait vers 1920 (lavis) <\/figcaption><\/figure><\/div><\/div>\n\n\n\n<div class=\"wp-block-column is-layout-flow wp-block-column-is-layout-flow\">\n<h3 class=\"wp-block-heading has-text-align-center\"><strong>Le Salon du Moment<\/strong><\/h3>\n\n\n\n<hr class=\"wp-block-separator has-alpha-channel-opacity\"\/>\n\n\n<div class=\"wp-block-image\">\n<figure class=\"aligncenter size-large is-resized\"><img decoding=\"async\" src=\"https:\/\/www.genea92nord.fr\/images\/GENEACANTAL\/salon-genealogie-aveyron-decazeville.jpg\" alt=\"\" style=\"width:298px;height:421px\"\/><\/figure><\/div>\n\n\n<p class=\"has-text-align-center\">Pour plus d&rsquo;infos : <a href=\"https:\/\/www.argea.fr\/\" target=\"_blank\" rel=\"noreferrer noopener\">c&rsquo;est par ici<\/a><\/p>\n<\/div>\n<\/div>\n\n\n\n<div style=\"height:15px\" aria-hidden=\"true\" class=\"wp-block-spacer\"><\/div>\n\n\n\n<p class=\"has-text-align-right\"><a href=\"https:\/\/www.geneacantal.fr\/\" data-type=\"page\" data-id=\"34\"><em>Haut de page<\/em><\/a><\/p>\n","protected":false},"excerpt":{"rendered":"<p>Le Cantal Cette vieille terre montagneuse issue des volcans a donn\u00e9 des femmes et des hommes souvent partis pour toujours dans des contr\u00e9es plus ou moins lointaines. On les retrouve \u00e0 Paris, en passant&#46;&#46;&#46;<\/p>\n","protected":false},"author":1,"featured_media":0,"parent":0,"menu_order":0,"comment_status":"closed","ping_status":"closed","template":"","meta":{"footnotes":""},"_links":{"self":[{"href":"https:\/\/www.geneacantal.fr\/index.php\/wp-json\/wp\/v2\/pages\/34"}],"collection":[{"href":"https:\/\/www.geneacantal.fr\/index.php\/wp-json\/wp\/v2\/pages"}],"about":[{"href":"https:\/\/www.geneacantal.fr\/index.php\/wp-json\/wp\/v2\/types\/page"}],"author":[{"embeddable":true,"href":"https:\/\/www.geneacantal.fr\/index.php\/wp-json\/wp\/v2\/users\/1"}],"replies":[{"embeddable":true,"href":"https:\/\/www.geneacantal.fr\/index.php\/wp-json\/wp\/v2\/comments?post=34"}],"version-history":[{"count":214,"href":"https:\/\/www.geneacantal.fr\/index.php\/wp-json\/wp\/v2\/pages\/34\/revisions"}],"predecessor-version":[{"id":1508,"href":"https:\/\/www.geneacantal.fr\/index.php\/wp-json\/wp\/v2\/pages\/34\/revisions\/1508"}],"wp:attachment":[{"href":"https:\/\/www.geneacantal.fr\/index.php\/wp-json\/wp\/v2\/media?parent=34"}],"curies":[{"name":"wp","href":"https:\/\/api.w.org\/{rel}","templated":true}]}}