{"id":270,"date":"2022-11-02T10:05:29","date_gmt":"2022-11-02T09:05:29","guid":{"rendered":"http:\/\/www.geneacantal.fr\/?page_id=270"},"modified":"2023-03-27T17:46:00","modified_gmt":"2023-03-27T15:46:00","slug":"releves-du-cantal","status":"publish","type":"page","link":"https:\/\/www.geneacantal.fr\/index.php\/releves-du-cantal\/","title":{"rendered":"Relev\u00e9s du Cantal &#038; ses voisins"},"content":{"rendered":"\n<figure class=\"wp-block-pullquote\"><blockquote><p>\u00ab\u00a0La France, c&rsquo;est l&rsquo;Auvergne avec quelque chose autour.\u00a0\u00bb<\/p><cite>(Proverbe auvergnat)<\/cite><\/blockquote><\/figure>\n\n\n\n<h2 class=\"has-text-align-center has-large-font-size wp-block-heading\"><strong>LE CANTAL et ses HISTOIRES<\/strong><\/h2>\n\n\n\n<p>Nous faisons des g\u00e9n\u00e9alogies sur des personnalit\u00e9s locales, r\u00e9gionales ou nationales originaires du Cantal avec le logiciel <a href=\"https:\/\/www.heredis.com\/\">HEREDIS<\/a><\/p>\n\n\n\n<p>Une association dynamique qui va chercher les cantalous par tous les bouts&nbsp;! &nbsp;<a href=\"http:\/\/cantal.liens.free.fr\/\" target=\"_blank\" rel=\"noreferrer noopener\">cantal-liens<\/a><\/p>\n\n\n\n<p>Notre lieu de recherches&nbsp;: <a href=\"http:\/\/www.archives.cantal.fr\/\" target=\"_blank\" rel=\"noreferrer noopener\">archives.cantal.fr<\/a><\/p>\n\n\n\n<p>Notre histoire par le b\u00e2ti et les hommes&nbsp;:<\/p>\n\n\n\n<p><a href=\"http:\/\/www.cantalpatrimoine.fr\/\" target=\"_blank\" rel=\"noreferrer noopener\">Cantal Patrimoine<\/a><\/p>\n\n\n\n<p><a href=\"http:\/\/www.haute-auvergne.org\/\" target=\"_blank\" rel=\"noreferrer noopener\">Haute-Auvergne<\/a><\/p>\n\n\n\n<p>En rapport avec nos Salers&nbsp;: <a href=\"http:\/\/www.burons-du-cantal.fr\/\" target=\"_blank\" rel=\"noreferrer noopener\">burons-du-cantal.fr<\/a><\/p>\n\n\n\n<p class=\"has-text-align-center\">DU CANTAL AUX HAUTS-DE-SEINE<\/p>\n\n\n\n<p>Qu&rsquo;ils soient paysans, ouvriers, colporteurs, bougnats, limonadiers, ils sont venus travailler dans les Hauts-de-Seine \u00e0 l&rsquo;ouest de Paris.<\/p>\n\n\n\n<p>Site de l&rsquo;EGAN92 : <a href=\"http:\/\/www.genea92nord.fr\/\" target=\"_blank\" rel=\"noreferrer noopener\">http:\/\/www.genea92nord.fr\/&nbsp;<\/a><\/p>\n\n\n\n<p class=\"has-text-align-center\">DU CANTAL EN BRETAGNE<\/p>\n\n\n\n<p>Qu&rsquo;ils soient ferronniers, dinandiers, artisans, marchands de toile ou de parapluies, ils sont aussi partis en Loire Inf\u00e9rieure, dans le Morbihan puis dans le Finist\u00e8re.<\/p>\n\n\n\n<p>Site du CEGHEV56 : <a href=\"http:\/\/geneal56.free.fr\/\" target=\"_blank\" rel=\"noreferrer noopener\">http:\/\/geneal56.free.fr\/<\/a><\/p>\n\n\n\n<p class=\"has-text-align-center\">LA HAUTE-LOIRE<\/p>\n\n\n\n<p>L\u2019Association G\u00e9n\u00e9alogique de l\u2019Arrondissement de Brioude et Environs (AGABE43) a \u00e9t\u00e9 cr\u00e9\u00e9e afin de relever les Tables D\u00e9cennales de cet arrondissement et de les mettre en ligne sur <a href=\"https:\/\/fr.geneawiki.com\/index.php?title=Tables_de_mariage_du_XIXe_si%C3%A8cle\/Haute-Loire\" target=\"_blank\" rel=\"noreferrer noopener\">G\u00e9n\u00e9awiki<\/a>. Depuis le 1er janvier 2020, l&rsquo;association a rejoint la f\u00e9d\u00e9ration <a href=\"https:\/\/ugoh.fr\/\" target=\"_blank\" rel=\"noreferrer noopener\">UGOH<\/a> .<\/p>\n\n\n\n<p>Site Web : <a href=\"http:\/\/agabe43.free.fr\" target=\"_blank\" rel=\"noreferrer noopener\">http:\/\/agabe43.free.fr<\/a><\/p>\n\n\n\n<div style=\"height:100px\" aria-hidden=\"true\" class=\"wp-block-spacer\"><\/div>\n\n\n\n<h2 class=\"has-text-align-center has-large-font-size wp-block-heading\"><strong>Relev\u00e9s<\/strong><\/h2>\n\n\n\n<p><a href=\"https:\/\/www.geneabank.org\/frenind.php3\" target=\"_blank\" rel=\"noreferrer noopener\">G\u00e9n\u00e9abank<\/a><\/p>\n\n\n\n<p>Les tables de mariages du XIXe si\u00e8cle (G\u00e9n\u00e9anet) :<\/p>\n\n\n\n<p><a href=\"https:\/\/fr.geneawiki.com\/index.php?title=Tables_de_mariage_du_XIXe_si%C3%A8cle\/Cantal\" target=\"_blank\" rel=\"noreferrer noopener\">Le Cantal<\/a><\/p>\n\n\n\n<p><a href=\"https:\/\/fr.geneawiki.com\/index.php\/Tables_de_mariage_du_XIXe_si%C3%A8cle\/Corr%C3%A8ze\" target=\"_blank\" rel=\"noreferrer noopener\">La Corr\u00e8ze<\/a><\/p>\n\n\n\n<p><a href=\"https:\/\/fr.geneawiki.com\/index.php\/Tables_de_mariage_du_XIXe_si%C3%A8cle\/Lot\" target=\"_blank\" rel=\"noreferrer noopener\">Le Lot<\/a><\/p>\n\n\n\n<h2 class=\"has-text-align-center has-large-font-size wp-block-heading\"><strong>Logiciel Nim\u00e8gue<\/strong><\/h2>\n\n\n\n<p>Nim\u00e8gue est un logiciel GRATUIT sp\u00e9cialis\u00e9 standard (il permet de mettre une base de donn\u00e9es sur G\u00e9n\u00e9abank ou ExpoActes)<\/p>\n\n\n\n<p>Logiciel Nim\u00e8gue&nbsp;\u00e0 t\u00e9l\u00e9charger&nbsp;<a href=\"https:\/\/www.cegfc.net\/www\/nimegue\/nimegue\/index.html\" target=\"_blank\" rel=\"noreferrer noopener\">ici<\/a><\/p>\n\n\n\n<p>Il est possible d&rsquo;enregistrer des actes de bapt\u00eames\/naissances, mariages, s\u00e9pultures\/d\u00e9c\u00e8s et notariaux (contrats de mariage, testaments, ventes &#8230;)<\/p>\n\n\n\n<p>Adh\u00e9rent ou non de l&rsquo;AGAC, notre association vous forme BENEVOLEMENT \u00e0 l&rsquo;utilisation (non compliqu\u00e9e) de ce logiciel. Pour ce faire, n&rsquo;h\u00e9sitez pas \u00e0 prendre contact par courriel ou t\u00e9l\u00e9phone avec nous.<\/p>\n\n\n\n<div style=\"height:100px\" aria-hidden=\"true\" class=\"wp-block-spacer\"><\/div>\n\n\n\n<h2 class=\"has-text-align-center has-large-font-size wp-block-heading\"><strong>Clic-Archives<\/strong><\/h2>\n\n\n<div class=\"wp-block-image\">\n<figure class=\"aligncenter size-large is-resized\"><a href=\"https:\/\/clic-archives.fr\/\" target=\"_blank\" rel=\"noreferrer noopener\"><img decoding=\"async\" loading=\"lazy\" src=\"http:\/\/www.genea92nord.fr\/images\/clicarchives.png\" alt=\"\" width=\"318\" height=\"444\"\/><\/a><\/figure><\/div>\n\n\n<div style=\"height:100px\" aria-hidden=\"true\" class=\"wp-block-spacer\"><\/div>\n\n\n\n<h2 class=\"has-text-align-center has-large-font-size wp-block-heading\"><strong>Logiciel RECENS<\/strong><\/h2>\n\n\n\n<p>RECENS est un logiciel sp\u00e9cialis\u00e9 pour faire les relev\u00e9s complets des recensements.<\/p>\n\n\n\n<p>Logiciel RECENS \u00e0 t\u00e9l\u00e9charger&nbsp;<a href=\"https:\/\/depot.pcsoft.fr\/resource.awp?file_id=140;recens-logiciel-saisie-releves-recensement\" target=\"_blank\" rel=\"noreferrer noopener\">ici<\/a><\/p>\n\n\n\n<p>Site de relev\u00e9s de recensements :&nbsp;<a href=\"http:\/\/www.exporecens.org\/\" target=\"_blank\" rel=\"noreferrer noopener\">ExpoRecensements<\/a><\/p>\n\n\n\n<p class=\"has-text-align-right\"><a href=\"https:\/\/www.geneacantal.fr\/index.php\/releves-du-cantal\/\" data-type=\"page\" data-id=\"270\"><em>Haut de page<\/em><\/a><\/p>\n","protected":false},"excerpt":{"rendered":"<p>\u00ab\u00a0La France, c&rsquo;est l&rsquo;Auvergne avec quelque chose autour.\u00a0\u00bb (Proverbe auvergnat) LE CANTAL et ses HISTOIRES Nous faisons des g\u00e9n\u00e9alogies sur des personnalit\u00e9s locales, r\u00e9gionales ou nationales originaires du Cantal avec le logiciel HEREDIS Une&#46;&#46;&#46;<\/p>\n","protected":false},"author":1,"featured_media":0,"parent":0,"menu_order":0,"comment_status":"closed","ping_status":"closed","template":"","meta":{"footnotes":""},"_links":{"self":[{"href":"https:\/\/www.geneacantal.fr\/index.php\/wp-json\/wp\/v2\/pages\/270"}],"collection":[{"href":"https:\/\/www.geneacantal.fr\/index.php\/wp-json\/wp\/v2\/pages"}],"about":[{"href":"https:\/\/www.geneacantal.fr\/index.php\/wp-json\/wp\/v2\/types\/page"}],"author":[{"embeddable":true,"href":"https:\/\/www.geneacantal.fr\/index.php\/wp-json\/wp\/v2\/users\/1"}],"replies":[{"embeddable":true,"href":"https:\/\/www.geneacantal.fr\/index.php\/wp-json\/wp\/v2\/comments?post=270"}],"version-history":[{"count":17,"href":"https:\/\/www.geneacantal.fr\/index.php\/wp-json\/wp\/v2\/pages\/270\/revisions"}],"predecessor-version":[{"id":1482,"href":"https:\/\/www.geneacantal.fr\/index.php\/wp-json\/wp\/v2\/pages\/270\/revisions\/1482"}],"wp:attachment":[{"href":"https:\/\/www.geneacantal.fr\/index.php\/wp-json\/wp\/v2\/media?parent=270"}],"curies":[{"name":"wp","href":"https:\/\/api.w.org\/{rel}","templated":true}]}}