{"id":266,"date":"2022-11-02T10:04:54","date_gmt":"2022-11-02T09:04:54","guid":{"rendered":"http:\/\/www.geneacantal.fr\/?page_id=266"},"modified":"2023-03-27T15:26:12","modified_gmt":"2023-03-27T13:26:12","slug":"cartophilie-philatelie","status":"publish","type":"page","link":"https:\/\/www.geneacantal.fr\/index.php\/cartophilie-philatelie\/","title":{"rendered":"Cartophilie &#038; Philat\u00e9lie"},"content":{"rendered":"\n<figure class=\"wp-block-pullquote alignwide has-text-align-center\"><blockquote><p>\u00ab\u00a0Le vrai collectionneur est davantage int\u00e9ress\u00e9 par la qu\u00eate que par la possession\u00a0\u00bb<\/p><cite>Umberto Eco (1932-2016)<\/cite><\/blockquote><\/figure>\n\n\n\n<p>Vous \u00eates collectionneur et vous voulez acheter des cartes sur internet<\/p>\n\n\n\n<p>Allez voir des cartes postales des communes de vos anc\u00eatres<\/p>\n\n\n\n<p>Vous avez des cartes postales anciennes familiales<\/p>\n\n\n\n<p>Il y a aussi des dates, des signatures lisibles, des textes qui sont des morceaux d&rsquo;histoire familiale et \u00e9ventuellement d&rsquo;histoire locale.<\/p>\n\n\n\n<p>Alors gardez les et n&rsquo;h\u00e9sitez pas \u00e0 faire des recherches suppl\u00e9mentaires sur ces lieux o\u00f9 ont v\u00e9cu vos anc\u00eatres ainsi que sur les personnes qui ont re\u00e7u ou envoy\u00e9 ces cartes postales.<\/p>\n\n\n\n<p>MUSEES DE LA CARTE POSTALE EN FRANCE&nbsp;:<\/p>\n\n\n\n<p><a href=\"https:\/\/museedelacartepostale.fr\/\" target=\"_blank\" rel=\"noreferrer noopener\">Mus\u00e9e d&rsquo;ANTIBES (06)<\/a>&nbsp;<\/p>\n\n\n\n<p><a rel=\"noreferrer noopener\" href=\"https:\/\/www.lecartonvoyageur.fr\/\" target=\"_blank\">Mus\u00e9e de BAUD (56)<\/a><\/p>\n\n\n\n<h2 class=\"has-text-align-center has-large-font-size wp-block-heading\"><strong>A d\u00e9couvrir ou red\u00e9couvrir<\/strong><\/h2>\n\n\n\n<p class=\"has-text-align-center\"><a href=\"https:\/\/jetons-touristiques.com\/index.php?sid=6ded31d9e23eda88a235ebf8863df61f\" target=\"_blank\" rel=\"noreferrer noopener\">Les Jetons Touristiques<\/a><\/p>\n\n\n\n<div style=\"height:100px\" aria-hidden=\"true\" class=\"wp-block-spacer\"><\/div>\n\n\n\n<p class=\"has-text-align-center\"><strong>Selon l&rsquo;univers que vous souhaitez d\u00e9couvrir, cliquez sur la photo<\/strong><\/p>\n\n\n\n<div class=\"wp-block-columns is-layout-flex wp-container-3 wp-block-columns-is-layout-flex\">\n<div class=\"wp-block-column is-layout-flow wp-block-column-is-layout-flow\"><div class=\"wp-block-image\">\n<figure class=\"aligncenter size-large is-resized\"><a href=\"https:\/\/www.geneacantal.fr\/index.php\/cartophilie\/\"><img decoding=\"async\" loading=\"lazy\" src=\"http:\/\/www.genea92nord.fr\/images\/GENEACANTAL\/CP-soupe%20au%20chou.jpg\" alt=\"\" width=\"502\" height=\"316\"\/><\/a><\/figure><\/div>\n\n\n<h2 class=\"has-text-align-center has-large-font-size wp-block-heading\"><strong>Cartophilie<\/strong><\/h2>\n<\/div>\n\n\n\n<div class=\"wp-block-column is-vertically-aligned-center is-layout-flow wp-block-column-is-layout-flow\">\n<div style=\"height:100px\" aria-hidden=\"true\" class=\"wp-block-spacer\"><\/div>\n\n\n<div class=\"wp-block-image\">\n<figure class=\"aligncenter size-large is-resized\"><a href=\"https:\/\/www.geneacantal.fr\/index.php\/philatelie\/\"><img decoding=\"async\" loading=\"lazy\" src=\"http:\/\/www.genea92nord.fr\/images\/GENEACANTAL\/timbres-en-vrac.jpg\" alt=\"\" width=\"501\" height=\"335\"\/><\/a><\/figure><\/div>\n\n\n<h2 class=\"has-text-align-center has-large-font-size wp-block-heading\"><strong>Philat\u00e9lie<\/strong><\/h2>\n<\/div>\n<\/div>\n\n\n\n<p class=\"has-text-align-right\"><a href=\"https:\/\/www.geneacantal.fr\/index.php\/cartophilie-philatelie\/\" data-type=\"page\" data-id=\"266\"><em>Haut de page<\/em><\/a><\/p>\n","protected":false},"excerpt":{"rendered":"<p>\u00ab\u00a0Le vrai collectionneur est davantage int\u00e9ress\u00e9 par la qu\u00eate que par la possession\u00a0\u00bb Umberto Eco (1932-2016) Vous \u00eates collectionneur et vous voulez acheter des cartes sur internet Allez voir des cartes postales des communes&#46;&#46;&#46;<\/p>\n","protected":false},"author":1,"featured_media":0,"parent":0,"menu_order":0,"comment_status":"closed","ping_status":"closed","template":"","meta":{"footnotes":""},"_links":{"self":[{"href":"https:\/\/www.geneacantal.fr\/index.php\/wp-json\/wp\/v2\/pages\/266"}],"collection":[{"href":"https:\/\/www.geneacantal.fr\/index.php\/wp-json\/wp\/v2\/pages"}],"about":[{"href":"https:\/\/www.geneacantal.fr\/index.php\/wp-json\/wp\/v2\/types\/page"}],"author":[{"embeddable":true,"href":"https:\/\/www.geneacantal.fr\/index.php\/wp-json\/wp\/v2\/users\/1"}],"replies":[{"embeddable":true,"href":"https:\/\/www.geneacantal.fr\/index.php\/wp-json\/wp\/v2\/comments?post=266"}],"version-history":[{"count":27,"href":"https:\/\/www.geneacantal.fr\/index.php\/wp-json\/wp\/v2\/pages\/266\/revisions"}],"predecessor-version":[{"id":1430,"href":"https:\/\/www.geneacantal.fr\/index.php\/wp-json\/wp\/v2\/pages\/266\/revisions\/1430"}],"wp:attachment":[{"href":"https:\/\/www.geneacantal.fr\/index.php\/wp-json\/wp\/v2\/media?parent=266"}],"curies":[{"name":"wp","href":"https:\/\/api.w.org\/{rel}","templated":true}]}}